{"id":95,"date":"2023-01-23T11:13:49","date_gmt":"2023-01-23T10:13:49","guid":{"rendered":"http:\/\/impetleasing.crazyfame.pl\/?page_id=95"},"modified":"2023-03-20T20:05:22","modified_gmt":"2023-03-20T19:05:22","slug":"kredyt-samochodowy","status":"publish","type":"page","link":"https:\/\/impetleasing.crazyfame.pl\/index.php\/kredyt-samochodowy\/","title":{"rendered":"Kredyt samochodowy"},"content":{"rendered":"<p>[et_pb_section fb_built=&#8221;1&#8243; _builder_version=&#8221;4.18.0&#8243; _module_preset=&#8221;default&#8221; background_image=&#8221;http:\/\/impetleasing.crazyfame.pl\/wp-content\/uploads\/2023\/01\/the-background-292740.png&#8221; global_colors_info=&#8221;{}&#8221;][et_pb_row _builder_version=&#8221;4.18.0&#8243; _module_preset=&#8221;default&#8221; min_height=&#8221;189px&#8221; global_colors_info=&#8221;{}&#8221;][et_pb_column type=&#8221;4_4&#8243; _builder_version=&#8221;4.18.0&#8243; _module_preset=&#8221;default&#8221; global_colors_info=&#8221;{}&#8221;][\/et_pb_column][\/et_pb_row][\/et_pb_section][et_pb_section fb_built=&#8221;1&#8243; _builder_version=&#8221;4.18.0&#8243; _module_preset=&#8221;default&#8221; background_image=&#8221;http:\/\/impetleasing.crazyfame.pl\/wp-content\/uploads\/2023\/01\/background-hero-1.jpg&#8221; custom_margin=&#8221;-32px|||||&#8221; global_colors_info=&#8221;{}&#8221;][et_pb_row column_structure=&#8221;1_2,1_2&#8243; _builder_version=&#8221;4.18.0&#8243; _module_preset=&#8221;default&#8221; global_colors_info=&#8221;{}&#8221;][et_pb_column type=&#8221;1_2&#8243; _builder_version=&#8221;4.18.0&#8243; _module_preset=&#8221;default&#8221; global_colors_info=&#8221;{}&#8221;][dsm_animated_gradient_text animated_gradient_text=&#8221;Kredyt samochodowy&#8221; gradient_one_color=&#8221;#edad00&#8243; gradient_two_color=&#8221;#e5a800&#8243; gradient_three_color=&#8221;#d38d00&#8243; gradient_four_color=&#8221;#aa6c00&#8243; _builder_version=&#8221;4.18.0&#8243; _module_preset=&#8221;default&#8221; global_colors_info=&#8221;{}&#8221;][\/dsm_animated_gradient_text][et_pb_text _builder_version=&#8221;4.18.0&#8243; _module_preset=&#8221;default&#8221; text_font=&#8221;Open Sans||||||||&#8221; global_colors_info=&#8221;{}&#8221;]<\/p>\n<div class=\"ql-block\" data-block-id=\"block-d8130db2-21de-49ab-83e5-db6f89155795\">\n<div class=\"ql-block\" data-block-id=\"block-14514e98-41c8-429f-ae21-62222d762736\">Kredyt samochodowy to najwygodniejszy spos\u00f3b sfinansowania wymarzonego pojazdu.<\/div>\n<div class=\"ql-block\" data-block-id=\"block-4b532548-f989-440b-a854-7434f76f4593\">Oferujemy prosty i przejrzysty kredyt samochodowy na zakup dowolnego pojazdu. Gwarantujemy konkurencyjne stawki, elastyczne warunki kredytowe, \u0142atwy proces aplikacyjny, wygodn\u0105 procedur\u0119 ca\u0142kowicie online, brak zb\u0119dnych formalno\u015bci oraz szybk\u0105 decyzj\u0119 o przyznaniu finansowania. Oferowane przez nas kredyty s\u0105 dost\u0119pne dla klient\u00f3w z r\u00f3\u017cnymi potrzebami finansowymi i dopasowane do ich indywidualnych mo\u017cliwo\u015bci i preferencji. Korzystaj\u0105c z naszych us\u0142ug, zyskasz kompleksow\u0105 obs\u0142ug\u0119 finansowania i atrakcyjne ubezpieczenie w pakiecie.<\/div>\n<\/div>\n<p>[\/et_pb_text][et_pb_text _builder_version=&#8221;4.18.0&#8243; _module_preset=&#8221;default&#8221; global_colors_info=&#8221;{}&#8221;]<\/p>\n<div class=\"ql-block\" data-block-id=\"block-d8130db2-21de-49ab-83e5-db6f89155795\"><span style=\"font-weight: 400;\">Dok\u0142adamy wszelkich stara\u0144, aby procedura uzyskania kredytu samochodowego by\u0142a jak <\/span><b>najbardziej uproszczona,<\/b><span style=\"font-weight: 400;\"> dzi\u0119ki czemu proces pozyskania auta jest prosty i przejrzysty. Finansujemy <\/span><b>a\u017c do 100% warto\u015bci pojazdu<\/b><span style=\"font-weight: 400;\">, dodatkowo zapewniaj\u0105c naszemu Klientowi mo\u017cliwo\u015b\u0107 finalizacji umowy <\/span><b>bez pokrycia pierwszej wp\u0142aty.<\/b><span style=\"font-weight: 400;\"> Okres kredytowania wynosi u nas a\u017c <\/span><b>do 120 miesi\u0119cy,<\/b><span style=\"font-weight: 400;\"> przy zachowaniu niskiego, sta\u0142ego oprocentowania. Nie wymagamy przedstawienia \u017cadnych za\u015bwiadcze\u0144.<\/span><\/div>\n<p>[\/et_pb_text][et_pb_text _builder_version=&#8221;4.18.0&#8243; _module_preset=&#8221;default&#8221; global_colors_info=&#8221;{}&#8221;]<\/p>\n<div class=\"ql-block\" data-block-id=\"block-d8130db2-21de-49ab-83e5-db6f89155795\"><\/div>\n<div class=\"ql-block\" data-block-id=\"block-d8130db2-21de-49ab-83e5-db6f89155795\"><\/div>\n<div class=\"ql-block\" data-block-id=\"block-c89d9533-da26-4ff6-8f28-bef65b650278\"><\/div>\n<div class=\"ql-block\" data-block-id=\"block-ae6cd926-8b60-49a8-bd61-643f84394907\"><\/div>\n<div class=\"ql-block\" data-block-id=\"block-584e1dec-7465-453b-974d-c8c540fbf8da\"><\/div>\n<div class=\"ql-block\" data-block-id=\"block-0ade6d94-5b9c-4bd0-81b9-b7c5d88aefe7\"><\/div>\n<div class=\"ql-block\" data-block-id=\"block-13b38401-f71a-48e0-987d-e8b0fe564ac8\">W sprawie szczeg\u00f3\u0142owych informacji zapraszamy do kontaktu z zespo\u0142em doradc\u00f3w Impet Leasing.<\/div>\n<p><span><\/span><\/p>\n<p>[\/et_pb_text][\/et_pb_column][et_pb_column type=&#8221;1_2&#8243; _builder_version=&#8221;4.18.0&#8243; _module_preset=&#8221;default&#8221; global_colors_info=&#8221;{}&#8221;][dsm_animated_gradient_text animated_gradient_text=&#8221;Wiek, przebieg czy marka pojazdu nie maj\u0105 dla nas znaczenia!&#8221; gradient_one_color=&#8221;#edad00&#8243; gradient_two_color=&#8221;#e5a800&#8243; gradient_three_color=&#8221;#d38d00&#8243; gradient_four_color=&#8221;#aa6c00&#8243; _builder_version=&#8221;4.18.0&#8243; _module_preset=&#8221;default&#8221; global_colors_info=&#8221;{}&#8221;][\/dsm_animated_gradient_text][et_pb_blurb _builder_version=&#8221;4.18.0&#8243; _module_preset=&#8221;default&#8221; body_font=&#8221;Open Sans||||||||&#8221; body_font_size=&#8221;14px&#8221; custom_margin=&#8221;||4px|||&#8221; global_colors_info=&#8221;{}&#8221; body_text_color__hover_enabled=&#8221;off|desktop&#8221;]<\/p>\n<p>Pomagamy pozyskiwa\u0107 samochody zar\u00f3wno od os\u00f3b fizycznych, komis\u00f3w, jak i te sprowadzane z zagranicy. Pomagamy naszym Klientom uzyska\u0107 dodatkowe \u015brodki na eksploatacj\u0119 i ubezpieczenie pojazdu, dzi\u0119ki czemu nasza us\u0142uga jest kompleksowa.<\/p>\n<p>&nbsp;<\/p>\n<p>[\/et_pb_blurb][dsm_animated_gradient_text animated_gradient_text=&#8221;Kredytujemy ka\u017cdy wybrany przez Ciebie rodzaj pojazdu:&#8221; gradient_one_color=&#8221;#edad00&#8243; gradient_two_color=&#8221;#e5a800&#8243; gradient_three_color=&#8221;#d38d00&#8243; gradient_four_color=&#8221;#aa6c00&#8243; _builder_version=&#8221;4.18.0&#8243; _module_preset=&#8221;default&#8221; global_colors_info=&#8221;{}&#8221;][\/dsm_animated_gradient_text][et_pb_blurb _builder_version=&#8221;4.18.0&#8243; _module_preset=&#8221;default&#8221; body_font=&#8221;Open Sans||||||||&#8221; body_font_size=&#8221;14px&#8221; custom_margin=&#8221;||4px|||&#8221; global_colors_info=&#8221;{}&#8221; body_text_color__hover_enabled=&#8221;off|desktop&#8221;]<\/p>\n<ul>\n<li>Samochody osobowe<\/li>\n<li>Samochody ci\u0119\u017carowe<\/li>\n<li>Motocykle<\/li>\n<li>Naczepy<\/li>\n<li>Ci\u0105gniki siod\u0142owe.<\/li>\n<\/ul>\n<p>[\/et_pb_blurb][dsm_animated_gradient_text animated_gradient_text=&#8221;Podstawowe parametry:&#8221; gradient_one_color=&#8221;#edad00&#8243; gradient_two_color=&#8221;#e5a800&#8243; gradient_three_color=&#8221;#d38d00&#8243; gradient_four_color=&#8221;#aa6c00&#8243; _builder_version=&#8221;4.18.0&#8243; _module_preset=&#8221;default&#8221; global_colors_info=&#8221;{}&#8221;][\/dsm_animated_gradient_text][et_pb_blurb _builder_version=&#8221;4.18.0&#8243; _module_preset=&#8221;default&#8221; body_font=&#8221;Open Sans||||||||&#8221; body_font_size=&#8221;14px&#8221; custom_margin=&#8221;||4px|||&#8221; global_colors_info=&#8221;{}&#8221; body_text_color__hover_enabled=&#8221;off|desktop&#8221;]<\/p>\n<ul>\n<li>Bez wp\u0142aty w\u0142asnej\u00a0<\/li>\n<li>Bez konieczno\u015bci wykupu AC<\/li>\n<li>Brak konieczno\u015bci wpisania Banku do dowodu rejestracyjnego<\/li>\n<li>Bez zabezpieczenia i przew\u0142aszczenia<\/li>\n<li>Bez zgody wsp\u00f3\u0142ma\u0142\u017conka<\/li>\n<li>Okres kredytu do 120 miesi\u0119cy<\/li>\n<li>Oprocentowanie od 5,88%<\/li>\n<li>Od 18. roku \u017cycia bez por\u0119czycieli<\/li>\n<li>Wystarczy dow\u00f3d osobisty<\/li>\n<\/ul>\n<p>[\/et_pb_blurb][\/et_pb_column][\/et_pb_row][\/et_pb_section][et_pb_section fb_built=&#8221;1&#8243; disabled_on=&#8221;on|on|on&#8221; admin_label=&#8221;Call to Action&#8221; _builder_version=&#8221;4.16&#8243; _module_preset=&#8221;default&#8221; custom_padding=&#8221;0px||0px||false|false&#8221; disabled=&#8221;on&#8221; saved_tabs=&#8221;all&#8221; locked=&#8221;off&#8221; global_colors_info=&#8221;{}&#8221;][et_pb_row custom_padding_last_edited=&#8221;on|phone&#8221; _builder_version=&#8221;4.16&#8243; _module_preset=&#8221;default&#8221; background_color=&#8221;#4C594C&#8221; custom_padding=&#8221;48px|60px|48px|60px|true|true&#8221; custom_padding_tablet=&#8221;60px||60px||true|false&#8221; custom_padding_phone=&#8221;40px||40px|20px|true|false&#8221; box_shadow_style=&#8221;preset4&#8243; box_shadow_horizontal=&#8221;300px&#8221; box_shadow_vertical=&#8221;0px&#8221; box_shadow_color=&#8221;#4C594C&#8221; global_colors_info=&#8221;{}&#8221;][et_pb_column type=&#8221;4_4&#8243; _builder_version=&#8221;4.16&#8243; _module_preset=&#8221;default&#8221; global_colors_info=&#8221;{}&#8221;][et_pb_text _builder_version=&#8221;4.16&#8243; _module_preset=&#8221;53fac924-1644-4f70-a8a0-435df3cf1c52&#8243; header_font=&#8221;Outfit|600|||||||&#8221; header_text_align=&#8221;center&#8221; header_text_color=&#8221;#FFFFFF&#8221; header_font_size=&#8221;90px&#8221; header_line_height=&#8221;1.1em&#8221; header_font_size_tablet=&#8221;50px&#8221; header_font_size_phone=&#8221;24px&#8221; header_font_size_last_edited=&#8221;on|phone&#8221; locked=&#8221;off&#8221; global_colors_info=&#8221;{}&#8221;]<\/p>\n<h1>Ready to Grow?<\/h1>\n<p>[\/et_pb_text][et_pb_button button_text=&#8221;Get a Free Consultation&#8221; button_alignment=&#8221;center&#8221; _builder_version=&#8221;4.16&#8243; _module_preset=&#8221;bdf23963-464b-4991-88aa-271cf8b45b57&#8243; custom_button=&#8221;on&#8221; button_text_size=&#8221;14px&#8221; button_text_color=&#8221;#000000&#8243; button_bg_color=&#8221;#FFFFFF&#8221; button_border_width=&#8221;0px&#8221; button_border_radius=&#8221;0px&#8221; button_font=&#8221;|700|||||||&#8221; custom_padding=&#8221;20px|30px|20px|30px|true|true&#8221; locked=&#8221;off&#8221; global_colors_info=&#8221;{}&#8221;][\/et_pb_button][\/et_pb_column][\/et_pb_row][\/et_pb_section]<\/p>\n","protected":false},"excerpt":{"rendered":"<p><div class=\"et_pb_module dsm_animated_gradient_text dsm_animated_gradient_text_0\">\n\t\t\t\t\n\t\t\t\t\n\t\t\t\t\n\t\t\t\t\n\t\t\t\t\n\t\t\t\t\n\t\t\t\t<div class=\"et_pb_module_inner\">\n\t\t\t\t\t<h2 class=\"dsm-animated-gradient-text et_pb_module_header\">Kredyt samochodowy<\/h2>\n\t\t\t\t<\/div>\n\t\t\t<\/div> Kredyt samochodowy to najwygodniejszy spos\u00f3b sfinansowania wymarzonego pojazdu. Oferujemy prosty i przejrzysty kredyt samochodowy na zakup dowolnego pojazdu. Gwarantujemy konkurencyjne stawki, elastyczne warunki kredytowe, \u0142atwy proces aplikacyjny, wygodn\u0105 procedur\u0119 ca\u0142kowicie online, brak zb\u0119dnych formalno\u015bci oraz szybk\u0105 decyzj\u0119 o przyznaniu finansowania. Oferowane przez nas kredyty s\u0105 [&hellip;]<\/p>\n","protected":false},"author":1,"featured_media":0,"parent":0,"menu_order":0,"comment_status":"closed","ping_status":"closed","template":"","meta":{"_et_pb_use_builder":"on","_et_pb_old_content":"<!-- wp:divi\/placeholder \/-->","_et_gb_content_width":"","footnotes":""},"class_list":["post-95","page","type-page","status-publish","hentry"],"yoast_head":"<!-- This site is optimized with the Yoast SEO plugin v20.3 - https:\/\/yoast.com\/wordpress\/plugins\/seo\/ -->\n<title>Kredyt samochodowy - Impet Leasing<\/title>\n<meta name=\"robots\" content=\"index, follow, max-snippet:-1, max-image-preview:large, max-video-preview:-1\" \/>\n<link rel=\"canonical\" href=\"https:\/\/impetleasing.crazyfame.pl\/index.php\/kredyt-samochodowy\/\" \/>\n<meta property=\"og:locale\" content=\"pl_PL\" \/>\n<meta property=\"og:type\" content=\"article\" \/>\n<meta property=\"og:title\" content=\"Kredyt samochodowy - Impet Leasing\" \/>\n<meta property=\"og:description\" content=\"Kredyt samochodowy to najwygodniejszy spos\u00f3b sfinansowania wymarzonego pojazdu. Oferujemy prosty i przejrzysty kredyt samochodowy na zakup dowolnego pojazdu. Gwarantujemy konkurencyjne stawki, elastyczne warunki kredytowe, \u0142atwy proces aplikacyjny, wygodn\u0105 procedur\u0119 ca\u0142kowicie online, brak zb\u0119dnych formalno\u015bci oraz szybk\u0105 decyzj\u0119 o przyznaniu finansowania. Oferowane przez nas kredyty s\u0105 [&hellip;]\" \/>\n<meta property=\"og:url\" content=\"https:\/\/impetleasing.crazyfame.pl\/index.php\/kredyt-samochodowy\/\" \/>\n<meta property=\"og:site_name\" content=\"Impet Leasing\" \/>\n<meta property=\"article:modified_time\" content=\"2023-03-20T19:05:22+00:00\" \/>\n<meta name=\"twitter:card\" content=\"summary_large_image\" \/>\n<meta name=\"twitter:label1\" content=\"Szacowany czas czytania\" \/>\n\t<meta name=\"twitter:data1\" content=\"5 minut\" \/>\n<script type=\"application\/ld+json\" class=\"yoast-schema-graph\">{\"@context\":\"https:\/\/schema.org\",\"@graph\":[{\"@type\":\"WebPage\",\"@id\":\"https:\/\/impetleasing.crazyfame.pl\/index.php\/kredyt-samochodowy\/\",\"url\":\"https:\/\/impetleasing.crazyfame.pl\/index.php\/kredyt-samochodowy\/\",\"name\":\"Kredyt samochodowy - Impet Leasing\",\"isPartOf\":{\"@id\":\"http:\/\/impetleasing.crazyfame.pl\/#website\"},\"datePublished\":\"2023-01-23T10:13:49+00:00\",\"dateModified\":\"2023-03-20T19:05:22+00:00\",\"breadcrumb\":{\"@id\":\"https:\/\/impetleasing.crazyfame.pl\/index.php\/kredyt-samochodowy\/#breadcrumb\"},\"inLanguage\":\"pl-PL\",\"potentialAction\":[{\"@type\":\"ReadAction\",\"target\":[\"https:\/\/impetleasing.crazyfame.pl\/index.php\/kredyt-samochodowy\/\"]}]},{\"@type\":\"BreadcrumbList\",\"@id\":\"https:\/\/impetleasing.crazyfame.pl\/index.php\/kredyt-samochodowy\/#breadcrumb\",\"itemListElement\":[{\"@type\":\"ListItem\",\"position\":1,\"name\":\"Strona g\u0142\u00f3wna\",\"item\":\"https:\/\/impetleasing.crazyfame.pl\/\"},{\"@type\":\"ListItem\",\"position\":2,\"name\":\"Kredyt samochodowy\"}]},{\"@type\":\"WebSite\",\"@id\":\"http:\/\/impetleasing.crazyfame.pl\/#website\",\"url\":\"http:\/\/impetleasing.crazyfame.pl\/\",\"name\":\"Impet Leasing\",\"description\":\"Impet Leasing\",\"potentialAction\":[{\"@type\":\"SearchAction\",\"target\":{\"@type\":\"EntryPoint\",\"urlTemplate\":\"http:\/\/impetleasing.crazyfame.pl\/?s={search_term_string}\"},\"query-input\":\"required name=search_term_string\"}],\"inLanguage\":\"pl-PL\"}]}<\/script>\n<!-- \/ Yoast SEO plugin. -->","yoast_head_json":{"title":"Kredyt samochodowy - Impet Leasing","robots":{"index":"index","follow":"follow","max-snippet":"max-snippet:-1","max-image-preview":"max-image-preview:large","max-video-preview":"max-video-preview:-1"},"canonical":"https:\/\/impetleasing.crazyfame.pl\/index.php\/kredyt-samochodowy\/","og_locale":"pl_PL","og_type":"article","og_title":"Kredyt samochodowy - Impet Leasing","og_description":"Kredyt samochodowy to najwygodniejszy spos\u00f3b sfinansowania wymarzonego pojazdu. Oferujemy prosty i przejrzysty kredyt samochodowy na zakup dowolnego pojazdu. Gwarantujemy konkurencyjne stawki, elastyczne warunki kredytowe, \u0142atwy proces aplikacyjny, wygodn\u0105 procedur\u0119 ca\u0142kowicie online, brak zb\u0119dnych formalno\u015bci oraz szybk\u0105 decyzj\u0119 o przyznaniu finansowania. Oferowane przez nas kredyty s\u0105 [&hellip;]","og_url":"https:\/\/impetleasing.crazyfame.pl\/index.php\/kredyt-samochodowy\/","og_site_name":"Impet Leasing","article_modified_time":"2023-03-20T19:05:22+00:00","twitter_card":"summary_large_image","twitter_misc":{"Szacowany czas czytania":"5 minut"},"schema":{"@context":"https:\/\/schema.org","@graph":[{"@type":"WebPage","@id":"https:\/\/impetleasing.crazyfame.pl\/index.php\/kredyt-samochodowy\/","url":"https:\/\/impetleasing.crazyfame.pl\/index.php\/kredyt-samochodowy\/","name":"Kredyt samochodowy - Impet Leasing","isPartOf":{"@id":"http:\/\/impetleasing.crazyfame.pl\/#website"},"datePublished":"2023-01-23T10:13:49+00:00","dateModified":"2023-03-20T19:05:22+00:00","breadcrumb":{"@id":"https:\/\/impetleasing.crazyfame.pl\/index.php\/kredyt-samochodowy\/#breadcrumb"},"inLanguage":"pl-PL","potentialAction":[{"@type":"ReadAction","target":["https:\/\/impetleasing.crazyfame.pl\/index.php\/kredyt-samochodowy\/"]}]},{"@type":"BreadcrumbList","@id":"https:\/\/impetleasing.crazyfame.pl\/index.php\/kredyt-samochodowy\/#breadcrumb","itemListElement":[{"@type":"ListItem","position":1,"name":"Strona g\u0142\u00f3wna","item":"https:\/\/impetleasing.crazyfame.pl\/"},{"@type":"ListItem","position":2,"name":"Kredyt samochodowy"}]},{"@type":"WebSite","@id":"http:\/\/impetleasing.crazyfame.pl\/#website","url":"http:\/\/impetleasing.crazyfame.pl\/","name":"Impet Leasing","description":"Impet Leasing","potentialAction":[{"@type":"SearchAction","target":{"@type":"EntryPoint","urlTemplate":"http:\/\/impetleasing.crazyfame.pl\/?s={search_term_string}"},"query-input":"required name=search_term_string"}],"inLanguage":"pl-PL"}]}},"_links":{"self":[{"href":"https:\/\/impetleasing.crazyfame.pl\/index.php\/wp-json\/wp\/v2\/pages\/95","targetHints":{"allow":["GET"]}}],"collection":[{"href":"https:\/\/impetleasing.crazyfame.pl\/index.php\/wp-json\/wp\/v2\/pages"}],"about":[{"href":"https:\/\/impetleasing.crazyfame.pl\/index.php\/wp-json\/wp\/v2\/types\/page"}],"author":[{"embeddable":true,"href":"https:\/\/impetleasing.crazyfame.pl\/index.php\/wp-json\/wp\/v2\/users\/1"}],"replies":[{"embeddable":true,"href":"https:\/\/impetleasing.crazyfame.pl\/index.php\/wp-json\/wp\/v2\/comments?post=95"}],"version-history":[{"count":6,"href":"https:\/\/impetleasing.crazyfame.pl\/index.php\/wp-json\/wp\/v2\/pages\/95\/revisions"}],"predecessor-version":[{"id":30493,"href":"https:\/\/impetleasing.crazyfame.pl\/index.php\/wp-json\/wp\/v2\/pages\/95\/revisions\/30493"}],"wp:attachment":[{"href":"https:\/\/impetleasing.crazyfame.pl\/index.php\/wp-json\/wp\/v2\/media?parent=95"}],"curies":[{"name":"wp","href":"https:\/\/api.w.org\/{rel}","templated":true}]}}