{"id":99,"date":"2023-01-23T11:14:16","date_gmt":"2023-01-23T10:14:16","guid":{"rendered":"http:\/\/impetleasing.crazyfame.pl\/?page_id=99"},"modified":"2023-03-20T19:38:23","modified_gmt":"2023-03-20T18:38:23","slug":"system-sprzedazy-ratalnej","status":"publish","type":"page","link":"https:\/\/impetleasing.crazyfame.pl\/index.php\/system-sprzedazy-ratalnej\/","title":{"rendered":"System sprzeda\u017cy ratalnej"},"content":{"rendered":"<p>[et_pb_section fb_built=&#8221;1&#8243; _builder_version=&#8221;4.18.0&#8243; _module_preset=&#8221;default&#8221; background_image=&#8221;http:\/\/impetleasing.crazyfame.pl\/wp-content\/uploads\/2023\/01\/the-background-292740.png&#8221; global_colors_info=&#8221;{}&#8221;][et_pb_row _builder_version=&#8221;4.18.0&#8243; _module_preset=&#8221;default&#8221; min_height=&#8221;189px&#8221; global_colors_info=&#8221;{}&#8221;][et_pb_column type=&#8221;4_4&#8243; _builder_version=&#8221;4.18.0&#8243; _module_preset=&#8221;default&#8221; global_colors_info=&#8221;{}&#8221;][\/et_pb_column][\/et_pb_row][\/et_pb_section][et_pb_section fb_built=&#8221;1&#8243; _builder_version=&#8221;4.18.0&#8243; _module_preset=&#8221;default&#8221; background_image=&#8221;http:\/\/impetleasing.crazyfame.pl\/wp-content\/uploads\/2023\/01\/background-hero-1.jpg&#8221; custom_margin=&#8221;-32px|||||&#8221; global_colors_info=&#8221;{}&#8221;][et_pb_row column_structure=&#8221;1_2,1_2&#8243; _builder_version=&#8221;4.18.0&#8243; _module_preset=&#8221;default&#8221; global_colors_info=&#8221;{}&#8221;][et_pb_column type=&#8221;1_2&#8243; _builder_version=&#8221;4.18.0&#8243; _module_preset=&#8221;default&#8221; global_colors_info=&#8221;{}&#8221;][dsm_animated_gradient_text animated_gradient_text=&#8221;System sprzeda\u017cy ratalnej&#8221; gradient_one_color=&#8221;#edad00&#8243; gradient_two_color=&#8221;#e5a800&#8243; gradient_three_color=&#8221;#d38d00&#8243; gradient_four_color=&#8221;#aa6c00&#8243; _builder_version=&#8221;4.18.0&#8243; _module_preset=&#8221;default&#8221; global_colors_info=&#8221;{}&#8221;][\/dsm_animated_gradient_text][et_pb_text _builder_version=&#8221;4.18.0&#8243; _module_preset=&#8221;default&#8221; text_font=&#8221;Open Sans||||||||&#8221; global_colors_info=&#8221;{}&#8221;]<\/p>\n<div class=\"ql-block\" data-block-id=\"block-d8130db2-21de-49ab-83e5-db6f89155795\">\n<div class=\"ql-block\" data-block-id=\"block-14514e98-41c8-429f-ae21-62222d762736\">Je\u015bli prowadzisz sklep lub masz firm\u0119 us\u0142ugow\u0105, ta propozycja jest skierowana w\u0142a\u015bnie dla Ciebie. Oddajemy w Twoje r\u0119ce doskona\u0142e narz\u0119dzie \u2013 system ratalny, kt\u00f3ry pozwoli ci w prosty spos\u00f3b osi\u0105gn\u0105\u0107 jeszcze wi\u0119ksze zyski.<\/div>\n<\/div>\n<p>[\/et_pb_text][et_pb_text _builder_version=&#8221;4.18.0&#8243; _module_preset=&#8221;default&#8221; global_colors_info=&#8221;{}&#8221;]<\/p>\n<div class=\"ql-block\" data-block-id=\"block-d8130db2-21de-49ab-83e5-db6f89155795\">Zosta\u0144 naszym Partnerem, a mo\u017cliwo\u015bci finansowe Klient\u00f3w nie b\u0119d\u0105 ju\u017c \u017cadnym ograniczeniem dla Twoich zysk\u00f3w. Je\u017celi Klient Twojego sklepu lub punktu us\u0142ugowego b\u0119dzie mia\u0142 \u0142atwy dost\u0119p do kredytu \u2013 z pewno\u015bci\u0105 ch\u0119tniej skorzysta z Twojej Oferty. Proste procedury i rozs\u0105dne wymagania wobec kredytobiorc\u00f3w sprawiaj\u0105, \u017ce oferta dost\u0119pna jest dla wielu os\u00f3b.\u00a0<\/div>\n<p>[\/et_pb_text][dsm_animated_gradient_text animated_gradient_text=&#8221;Dlaczego warto z nami wsp\u00f3\u0142pracowa\u0107?&#8221; gradient_one_color=&#8221;#edad00&#8243; gradient_two_color=&#8221;#e5a800&#8243; gradient_three_color=&#8221;#d38d00&#8243; gradient_four_color=&#8221;#aa6c00&#8243; _builder_version=&#8221;4.18.0&#8243; _module_preset=&#8221;default&#8221; global_colors_info=&#8221;{}&#8221;][\/dsm_animated_gradient_text][et_pb_text _builder_version=&#8221;4.18.0&#8243; _module_preset=&#8221;default&#8221; global_colors_info=&#8221;{}&#8221;]<\/p>\n<div class=\"ql-block\" data-block-id=\"block-d8130db2-21de-49ab-83e5-db6f89155795\">\n<ul>\n<li>Szybko i wygodnie zyskasz mo\u017cliwo\u015b\u0107 sprzeda\u017cy ratalnej &#8211; ca\u0142y proces odbywa si\u0119 online.\u00a0<\/li>\n<li>Zajmiemy si\u0119 ca\u0142ym procesem &#8211; od doradztwa, po wdro\u017cenie i obs\u0142ug\u0119 systemu.<\/li>\n<li>Dostosujemy system sprzeda\u017cy ratalnej do indywidualnych potrzeb Twojego sklepu.<\/li>\n<li>Gwarantujemy minimum formalno\u015bci przy podpisaniu umowy o wsp\u00f3\u0142pracy i kompleksowe wsparcie na ka\u017cdym etapie wsp\u00f3\u0142pracy.<\/li>\n<li>Twoi Klienci zyskaj\u0105 proste i atrakcyjne finansowanie zakup\u00f3w bez zb\u0119dnych formalno\u015bci i konieczno\u015bci brania po\u017cyczek.<\/li>\n<\/ul>\n<\/div>\n<p>[\/et_pb_text][et_pb_text _builder_version=&#8221;4.18.0&#8243; _module_preset=&#8221;default&#8221; global_colors_info=&#8221;{}&#8221;]<\/p>\n<div class=\"ql-block\" data-block-id=\"block-d8130db2-21de-49ab-83e5-db6f89155795\"><\/div>\n<div class=\"ql-block\" data-block-id=\"block-d8130db2-21de-49ab-83e5-db6f89155795\"><\/div>\n<div class=\"ql-block\" data-block-id=\"block-c89d9533-da26-4ff6-8f28-bef65b650278\"><\/div>\n<div class=\"ql-block\" data-block-id=\"block-ae6cd926-8b60-49a8-bd61-643f84394907\"><\/div>\n<div class=\"ql-block\" data-block-id=\"block-584e1dec-7465-453b-974d-c8c540fbf8da\"><\/div>\n<div class=\"ql-block\" data-block-id=\"block-0ade6d94-5b9c-4bd0-81b9-b7c5d88aefe7\"><\/div>\n<div class=\"ql-block\" data-block-id=\"block-13b38401-f71a-48e0-987d-e8b0fe564ac8\">W sprawie szczeg\u00f3\u0142owych informacji zapraszamy do kontaktu z zespo\u0142em doradc\u00f3w Impet Leasing.<\/div>\n<p><span><\/span><\/p>\n<p>[\/et_pb_text][\/et_pb_column][et_pb_column type=&#8221;1_2&#8243; _builder_version=&#8221;4.18.0&#8243; _module_preset=&#8221;default&#8221; global_colors_info=&#8221;{}&#8221;][dsm_animated_gradient_text animated_gradient_text=&#8221;P\u0142atno\u015bci ratalne nios\u0105 za sob\u0105 szereg korzy\u015bci zar\u00f3wno dla Klient\u00f3w, jak i sklep\u00f3w:&#8221; gradient_one_color=&#8221;#edad00&#8243; gradient_two_color=&#8221;#e5a800&#8243; gradient_three_color=&#8221;#d38d00&#8243; gradient_four_color=&#8221;#aa6c00&#8243; _builder_version=&#8221;4.18.0&#8243; _module_preset=&#8221;default&#8221; global_colors_info=&#8221;{}&#8221;][\/dsm_animated_gradient_text][et_pb_blurb _builder_version=&#8221;4.18.0&#8243; _module_preset=&#8221;default&#8221; body_font=&#8221;Open Sans||||||||&#8221; body_font_size=&#8221;14px&#8221; custom_margin=&#8221;||4px|||&#8221; global_colors_info=&#8221;{}&#8221; body_text_color__hover_enabled=&#8221;off|desktop&#8221;]<\/p>\n<ul>\n<li>Dzi\u0119ki wprowadzeniu takiej formy p\u0142atno\u015bci zwi\u0119kszysz konkurencyjno\u015b\u0107 Twojej firmy, wolumen sprzeda\u017cy oraz \u015bredni\u0105 warto\u015b\u0107 koszyka.\u00a0<\/li>\n<li>System sprzeda\u017cy ratalnej umo\u017cliwi Twoim Klientom zakup dro\u017cszych produkt\u00f3w, a Tobie zapewni bezpiecze\u0144stwo finansowe.\u00a0<\/li>\n<li>Sprzeda\u017c na raty gwarantuje oszcz\u0119dno\u015b\u0107 czasu i pieni\u0119dzy &#8211; nie musisz martwi\u0107 si\u0119 d\u0142ugotrwa\u0142ymi negocjacjami cenowymi z Klientami.\u00a0<\/li>\n<li>Wzrost lojalno\u015bci Klient\u00f3w &#8211; Klienci, kt\u00f3rzy korzystaj\u0105 z systemu ratalnego, cz\u0119sto wracaj\u0105 do sklepu, aby dokona\u0107 kolejnych zakup\u00f3w.<\/li>\n<li>\u0141atwiejsze zarz\u0105dzanie finansami &#8211; lepsze planowanie i kontrolowanie przep\u0142ywu got\u00f3wki.<\/li>\n<li>Wzrost zaufania klient\u00f3w &#8211; oferowanie systemu ratalnego buduje wizerunek uczciwego i rzetelnego sklepu.<\/li>\n<\/ul>\n<p>[\/et_pb_blurb][dsm_animated_gradient_text animated_gradient_text=&#8221;Podstawowe parametry:&#8221; gradient_one_color=&#8221;#edad00&#8243; gradient_two_color=&#8221;#e5a800&#8243; gradient_three_color=&#8221;#d38d00&#8243; gradient_four_color=&#8221;#aa6c00&#8243; _builder_version=&#8221;4.18.0&#8243; _module_preset=&#8221;default&#8221; global_colors_info=&#8221;{}&#8221;][\/dsm_animated_gradient_text][et_pb_blurb _builder_version=&#8221;4.18.0&#8243; _module_preset=&#8221;default&#8221; body_font=&#8221;Open Sans||||||||&#8221; body_font_size=&#8221;14px&#8221; custom_margin=&#8221;||4px|||&#8221; global_colors_info=&#8221;{}&#8221; body_text_color__hover_enabled=&#8221;off|desktop&#8221;]<\/p>\n<div class=\"ql-block\" data-block-id=\"block-a2032178-f893-48b1-8312-29f6b46b58ec\">\u2022 Maksymalna kwota kredytu a\u017c do 50 000 z\u0142<\/div>\n<div class=\"ql-block\" data-block-id=\"block-96b9c996-8e98-4e9f-a2d5-28ebcba6b9b6\">\u2022 Minimalna kwota kredytu 100 z\u0142<\/div>\n<div class=\"ql-block\" data-block-id=\"block-8fea6b80-68e9-4edf-81e3-73b1b9b7d119\">\u2022 Okres sp\u0142aty planu ratalnego od 1 do 84 miesi\u0119cy<\/div>\n<p>&nbsp;<\/p>\n<div class=\"ql-block\" data-block-id=\"block-8fea6b80-68e9-4edf-81e3-73b1b9b7d119\"><\/div>\n<p>[\/et_pb_blurb][dsm_animated_gradient_text animated_gradient_text=&#8221;Ponadto oferujemy:&#8221; gradient_one_color=&#8221;#edad00&#8243; gradient_two_color=&#8221;#e5a800&#8243; gradient_three_color=&#8221;#d38d00&#8243; gradient_four_color=&#8221;#aa6c00&#8243; _builder_version=&#8221;4.18.0&#8243; _module_preset=&#8221;default&#8221; global_colors_info=&#8221;{}&#8221;][\/dsm_animated_gradient_text][et_pb_blurb _builder_version=&#8221;4.18.0&#8243; _module_preset=&#8221;default&#8221; body_font=&#8221;Open Sans||||||||&#8221; body_font_size=&#8221;14px&#8221; custom_margin=&#8221;||4px|||&#8221; global_colors_info=&#8221;{}&#8221; body_text_color__hover_enabled=&#8221;off|desktop&#8221;]<\/p>\n<div class=\"ql-block\" data-block-id=\"block-03663ad9-298c-4f5f-90ee-db3437fcceda\">\u2022 Szerok\u0105 palet\u0119 produkt\u00f3w kredytowych oraz mo\u017cliwo\u015b\u0107 dopasowania oferty dla danego sklepu<\/div>\n<div class=\"ql-block\" data-block-id=\"block-8bf63651-9fa3-4f91-b098-6c139ff3ff43\">\u2022 Sprawny i szybki system do sporz\u0105dzania um\u00f3w kredytowych, w kt\u00f3rym istnieje mo\u017cliwo\u015b\u0107 przeprowadzenia wst\u0119pnej symulacji dla Klienta<\/div>\n<div class=\"ql-block\" data-block-id=\"block-49075aa3-2a33-41aa-9005-3e6423fe11be\">\u2022 Automatyczny system weryfikacji wniosku kredytowego \u2013 a\u017c 90% wniosk\u00f3w otrzymuje decyzj\u0119 automatycznie<\/div>\n<div class=\"ql-block\" data-block-id=\"block-c2a8bab1-6226-4f1b-8a6c-f15c1e2a1d9f\">\u2022 Proste formu\u0142y kredyt\u00f3w dla Sprzedawc\u00f3w i Klient\u00f3w<\/div>\n<div class=\"ql-block\" data-block-id=\"block-b6da7931-217f-4810-a0b7-fe14040bb346\">\u2022 Automatyczne przekazywanie pieni\u0119dzy za kredyt w ci\u0105gu 24 godzin<\/div>\n<div class=\"ql-block\" data-block-id=\"block-d71ee63a-99cc-4ad2-8dae-25a10581fc3a\">\u2022 Mo\u017cliwo\u015b\u0107 wcze\u015bniejszej sp\u0142aty kredytu, bez koszt\u00f3w dla Klienta<\/div>\n<div class=\"ql-block\" data-block-id=\"block-847c4b07-9097-4870-b49c-d795608b4bc6\">\u2022 Dla Klient\u00f3w z pozytywn\u0105 histori\u0105 kredytow\u0105 kredyt na o\u015bwiadczenie<\/div>\n<p>[\/et_pb_blurb][\/et_pb_column][\/et_pb_row][\/et_pb_section]<\/p>\n","protected":false},"excerpt":{"rendered":"<p><div class=\"et_pb_module dsm_animated_gradient_text dsm_animated_gradient_text_0\">\n\t\t\t\t\n\t\t\t\t\n\t\t\t\t\n\t\t\t\t\n\t\t\t\t\n\t\t\t\t\n\t\t\t\t<div class=\"et_pb_module_inner\">\n\t\t\t\t\t<h2 class=\"dsm-animated-gradient-text et_pb_module_header\">System sprzeda\u017cy ratalnej<\/h2>\n\t\t\t\t<\/div>\n\t\t\t<\/div> Je\u015bli prowadzisz sklep lub masz firm\u0119 us\u0142ugow\u0105, ta propozycja jest skierowana w\u0142a\u015bnie dla Ciebie. Oddajemy w Twoje r\u0119ce doskona\u0142e narz\u0119dzie \u2013 system ratalny, kt\u00f3ry pozwoli ci w prosty spos\u00f3b osi\u0105gn\u0105\u0107 jeszcze wi\u0119ksze zyski. Zosta\u0144 naszym Partnerem, a mo\u017cliwo\u015bci finansowe Klient\u00f3w nie b\u0119d\u0105 ju\u017c \u017cadnym [&hellip;]<\/p>\n","protected":false},"author":1,"featured_media":0,"parent":0,"menu_order":0,"comment_status":"closed","ping_status":"closed","template":"","meta":{"_et_pb_use_builder":"on","_et_pb_old_content":"<!-- wp:divi\/placeholder \/-->","_et_gb_content_width":"","footnotes":""},"class_list":["post-99","page","type-page","status-publish","hentry"],"yoast_head":"<!-- This site is optimized with the Yoast SEO plugin v20.3 - https:\/\/yoast.com\/wordpress\/plugins\/seo\/ -->\n<title>System sprzeda\u017cy ratalnej - Impet Leasing<\/title>\n<meta name=\"robots\" content=\"index, follow, max-snippet:-1, max-image-preview:large, max-video-preview:-1\" \/>\n<link rel=\"canonical\" href=\"https:\/\/impetleasing.crazyfame.pl\/index.php\/system-sprzedazy-ratalnej\/\" \/>\n<meta property=\"og:locale\" content=\"pl_PL\" \/>\n<meta property=\"og:type\" content=\"article\" \/>\n<meta property=\"og:title\" content=\"System sprzeda\u017cy ratalnej - Impet Leasing\" \/>\n<meta property=\"og:description\" content=\"Je\u015bli prowadzisz sklep lub masz firm\u0119 us\u0142ugow\u0105, ta propozycja jest skierowana w\u0142a\u015bnie dla Ciebie. Oddajemy w Twoje r\u0119ce doskona\u0142e narz\u0119dzie \u2013 system ratalny, kt\u00f3ry pozwoli ci w prosty spos\u00f3b osi\u0105gn\u0105\u0107 jeszcze wi\u0119ksze zyski. Zosta\u0144 naszym Partnerem, a mo\u017cliwo\u015bci finansowe Klient\u00f3w nie b\u0119d\u0105 ju\u017c \u017cadnym [&hellip;]\" \/>\n<meta property=\"og:url\" content=\"https:\/\/impetleasing.crazyfame.pl\/index.php\/system-sprzedazy-ratalnej\/\" \/>\n<meta property=\"og:site_name\" content=\"Impet Leasing\" \/>\n<meta property=\"article:modified_time\" content=\"2023-03-20T18:38:23+00:00\" \/>\n<meta name=\"twitter:card\" content=\"summary_large_image\" \/>\n<meta name=\"twitter:label1\" content=\"Szacowany czas czytania\" \/>\n\t<meta name=\"twitter:data1\" content=\"5 minut\" \/>\n<script type=\"application\/ld+json\" class=\"yoast-schema-graph\">{\"@context\":\"https:\/\/schema.org\",\"@graph\":[{\"@type\":\"WebPage\",\"@id\":\"https:\/\/impetleasing.crazyfame.pl\/index.php\/system-sprzedazy-ratalnej\/\",\"url\":\"https:\/\/impetleasing.crazyfame.pl\/index.php\/system-sprzedazy-ratalnej\/\",\"name\":\"System sprzeda\u017cy ratalnej - Impet Leasing\",\"isPartOf\":{\"@id\":\"http:\/\/impetleasing.crazyfame.pl\/#website\"},\"datePublished\":\"2023-01-23T10:14:16+00:00\",\"dateModified\":\"2023-03-20T18:38:23+00:00\",\"breadcrumb\":{\"@id\":\"https:\/\/impetleasing.crazyfame.pl\/index.php\/system-sprzedazy-ratalnej\/#breadcrumb\"},\"inLanguage\":\"pl-PL\",\"potentialAction\":[{\"@type\":\"ReadAction\",\"target\":[\"https:\/\/impetleasing.crazyfame.pl\/index.php\/system-sprzedazy-ratalnej\/\"]}]},{\"@type\":\"BreadcrumbList\",\"@id\":\"https:\/\/impetleasing.crazyfame.pl\/index.php\/system-sprzedazy-ratalnej\/#breadcrumb\",\"itemListElement\":[{\"@type\":\"ListItem\",\"position\":1,\"name\":\"Strona g\u0142\u00f3wna\",\"item\":\"https:\/\/impetleasing.crazyfame.pl\/\"},{\"@type\":\"ListItem\",\"position\":2,\"name\":\"System sprzeda\u017cy ratalnej\"}]},{\"@type\":\"WebSite\",\"@id\":\"http:\/\/impetleasing.crazyfame.pl\/#website\",\"url\":\"http:\/\/impetleasing.crazyfame.pl\/\",\"name\":\"Impet Leasing\",\"description\":\"Impet Leasing\",\"potentialAction\":[{\"@type\":\"SearchAction\",\"target\":{\"@type\":\"EntryPoint\",\"urlTemplate\":\"http:\/\/impetleasing.crazyfame.pl\/?s={search_term_string}\"},\"query-input\":\"required name=search_term_string\"}],\"inLanguage\":\"pl-PL\"}]}<\/script>\n<!-- \/ Yoast SEO plugin. -->","yoast_head_json":{"title":"System sprzeda\u017cy ratalnej - Impet Leasing","robots":{"index":"index","follow":"follow","max-snippet":"max-snippet:-1","max-image-preview":"max-image-preview:large","max-video-preview":"max-video-preview:-1"},"canonical":"https:\/\/impetleasing.crazyfame.pl\/index.php\/system-sprzedazy-ratalnej\/","og_locale":"pl_PL","og_type":"article","og_title":"System sprzeda\u017cy ratalnej - Impet Leasing","og_description":"Je\u015bli prowadzisz sklep lub masz firm\u0119 us\u0142ugow\u0105, ta propozycja jest skierowana w\u0142a\u015bnie dla Ciebie. Oddajemy w Twoje r\u0119ce doskona\u0142e narz\u0119dzie \u2013 system ratalny, kt\u00f3ry pozwoli ci w prosty spos\u00f3b osi\u0105gn\u0105\u0107 jeszcze wi\u0119ksze zyski. Zosta\u0144 naszym Partnerem, a mo\u017cliwo\u015bci finansowe Klient\u00f3w nie b\u0119d\u0105 ju\u017c \u017cadnym [&hellip;]","og_url":"https:\/\/impetleasing.crazyfame.pl\/index.php\/system-sprzedazy-ratalnej\/","og_site_name":"Impet Leasing","article_modified_time":"2023-03-20T18:38:23+00:00","twitter_card":"summary_large_image","twitter_misc":{"Szacowany czas czytania":"5 minut"},"schema":{"@context":"https:\/\/schema.org","@graph":[{"@type":"WebPage","@id":"https:\/\/impetleasing.crazyfame.pl\/index.php\/system-sprzedazy-ratalnej\/","url":"https:\/\/impetleasing.crazyfame.pl\/index.php\/system-sprzedazy-ratalnej\/","name":"System sprzeda\u017cy ratalnej - Impet Leasing","isPartOf":{"@id":"http:\/\/impetleasing.crazyfame.pl\/#website"},"datePublished":"2023-01-23T10:14:16+00:00","dateModified":"2023-03-20T18:38:23+00:00","breadcrumb":{"@id":"https:\/\/impetleasing.crazyfame.pl\/index.php\/system-sprzedazy-ratalnej\/#breadcrumb"},"inLanguage":"pl-PL","potentialAction":[{"@type":"ReadAction","target":["https:\/\/impetleasing.crazyfame.pl\/index.php\/system-sprzedazy-ratalnej\/"]}]},{"@type":"BreadcrumbList","@id":"https:\/\/impetleasing.crazyfame.pl\/index.php\/system-sprzedazy-ratalnej\/#breadcrumb","itemListElement":[{"@type":"ListItem","position":1,"name":"Strona g\u0142\u00f3wna","item":"https:\/\/impetleasing.crazyfame.pl\/"},{"@type":"ListItem","position":2,"name":"System sprzeda\u017cy ratalnej"}]},{"@type":"WebSite","@id":"http:\/\/impetleasing.crazyfame.pl\/#website","url":"http:\/\/impetleasing.crazyfame.pl\/","name":"Impet Leasing","description":"Impet Leasing","potentialAction":[{"@type":"SearchAction","target":{"@type":"EntryPoint","urlTemplate":"http:\/\/impetleasing.crazyfame.pl\/?s={search_term_string}"},"query-input":"required name=search_term_string"}],"inLanguage":"pl-PL"}]}},"_links":{"self":[{"href":"https:\/\/impetleasing.crazyfame.pl\/index.php\/wp-json\/wp\/v2\/pages\/99","targetHints":{"allow":["GET"]}}],"collection":[{"href":"https:\/\/impetleasing.crazyfame.pl\/index.php\/wp-json\/wp\/v2\/pages"}],"about":[{"href":"https:\/\/impetleasing.crazyfame.pl\/index.php\/wp-json\/wp\/v2\/types\/page"}],"author":[{"embeddable":true,"href":"https:\/\/impetleasing.crazyfame.pl\/index.php\/wp-json\/wp\/v2\/users\/1"}],"replies":[{"embeddable":true,"href":"https:\/\/impetleasing.crazyfame.pl\/index.php\/wp-json\/wp\/v2\/comments?post=99"}],"version-history":[{"count":6,"href":"https:\/\/impetleasing.crazyfame.pl\/index.php\/wp-json\/wp\/v2\/pages\/99\/revisions"}],"predecessor-version":[{"id":30492,"href":"https:\/\/impetleasing.crazyfame.pl\/index.php\/wp-json\/wp\/v2\/pages\/99\/revisions\/30492"}],"wp:attachment":[{"href":"https:\/\/impetleasing.crazyfame.pl\/index.php\/wp-json\/wp\/v2\/media?parent=99"}],"curies":[{"name":"wp","href":"https:\/\/api.w.org\/{rel}","templated":true}]}}